{"id":5769,"date":"2023-11-20T14:19:27","date_gmt":"2023-11-20T07:19:27","guid":{"rendered":"https:\/\/kimsora.com.vn\/?post_type=product&#038;p=5769"},"modified":"2023-12-04T15:28:29","modified_gmt":"2023-12-04T08:28:29","slug":"khau-trang-3d-sora-fit-mask","status":"publish","type":"product","link":"https:\/\/kimsora.com.vn\/en\/san-pham\/khau-trang-3d-sora-fit-mask\/","title":{"rendered":"Sora Fit Mask 3D Mask"},"content":{"rendered":"<div>\n<h1><strong>Sora Fit Mask 3D mask<\/strong><\/h1>\n<h1><strong><a href=\"https:\/\/kimsora.com.vn\/?attachment_id=5767\" rel=\"attachment wp-att-5767\"><img decoding=\"async\" loading=\"lazy\" class=\"aligncenter wp-image-5767\" src=\"https:\/\/kimsora.com.vn\/wp-content\/uploads\/2023\/11\/9-min.png\" alt=\"\" width=\"671\" height=\"671\" srcset=\"https:\/\/kimsora.com.vn\/wp-content\/uploads\/2023\/11\/9-min.png 1080w, https:\/\/kimsora.com.vn\/wp-content\/uploads\/2023\/11\/9-min-400x400.png 400w, https:\/\/kimsora.com.vn\/wp-content\/uploads\/2023\/11\/9-min-800x800.png 800w, https:\/\/kimsora.com.vn\/wp-content\/uploads\/2023\/11\/9-min-280x280.png 280w, https:\/\/kimsora.com.vn\/wp-content\/uploads\/2023\/11\/9-min-768x768.png 768w, https:\/\/kimsora.com.vn\/wp-content\/uploads\/2023\/11\/9-min-510x510.png 510w, https:\/\/kimsora.com.vn\/wp-content\/uploads\/2023\/11\/9-min-100x100.png 100w\" sizes=\"(max-width: 671px) 100vw, 671px\" \/><\/a><a href=\"https:\/\/kimsora.com.vn\/?attachment_id=5766\" rel=\"attachment wp-att-5766\"><img decoding=\"async\" loading=\"lazy\" class=\"aligncenter wp-image-5766\" src=\"https:\/\/kimsora.com.vn\/wp-content\/uploads\/2023\/11\/3dkimssora-min.png\" alt=\"\" width=\"568\" height=\"568\" srcset=\"https:\/\/kimsora.com.vn\/wp-content\/uploads\/2023\/11\/3dkimssora-min.png 800w, https:\/\/kimsora.com.vn\/wp-content\/uploads\/2023\/11\/3dkimssora-min-400x400.png 400w, https:\/\/kimsora.com.vn\/wp-content\/uploads\/2023\/11\/3dkimssora-min-280x280.png 280w, https:\/\/kimsora.com.vn\/wp-content\/uploads\/2023\/11\/3dkimssora-min-768x768.png 768w, https:\/\/kimsora.com.vn\/wp-content\/uploads\/2023\/11\/3dkimssora-min-510x510.png 510w, https:\/\/kimsora.com.vn\/wp-content\/uploads\/2023\/11\/3dkimssora-min-100x100.png 100w\" sizes=\"(max-width: 568px) 100vw, 568px\" \/><\/a><\/strong><\/h1>\n<\/div>\n<h1>Structure material: includes 3 layers.<\/h1>\n<div>Outer layer: soft non-woven fabric<\/div>\n<div>Middle layer: microfilter layer BFE, PFE, VFE &gt; 99%, outstanding filtration performance.<\/div>\n<div>Inner layer: clear fabric layer, Thermal bond technology is breathable, fiber-free and gentle on the skin.<\/div>\n<div><\/div>\n<div>Quantity: 20 pieces\/bag.<\/div>\n<div><\/div>\n<div>Dimensions: 81 x 205 (mm).<\/div>\n<h1><\/h1>\n<h1><strong>Outstanding uses of Sora Fit Mask 3D Mask:<\/strong><\/h1>\n<div>With an extremely convenient design and extremely convenient packaging, it is easy to carry and use<\/div>\n<div>Soft, wide elastic band does not cause ear pain all day long.<\/div>\n<div>Filter with outstanding filtration performance: BFE, PFE, VFE &gt; 99%.<\/div>\n<div>Manufactured according to Japanese production lines<\/div>\n<div>Prevent fine dust and bacteria from the outside environment from entering<\/div>\n<div>Breathable, not leaky, does not smudge lipstick, does not feel hot when used.<\/div>\n<div><\/div>\n<div><\/div>\n<h1><strong>Kim Sora masks are certified:<\/strong><\/h1>\n<div>ISO 9001:2015: is a standard system for product quality management; recognized worldwide. Any business whose products meet the standards set by ISO; will be granted ISO 9001 certificate. When obtaining ISO 9001 certificate; proving that the enterprise has an effective quality management system and meets common international standards.<\/div>\n<div>ISO 13485:2016 \u2013 is a standard for management systems applied in the field of manufacturing and trading of tools; medical supplies.<\/div>\n<div>FDA: is to monitor and evaluate food quality; Whether the pharmaceutical product meets the criteria for import into the US?<\/div>\n<div>CE: is a document indicating that the product has met health protection standards; safety and environmental protection according to European Union (EU) law and will be circulated in the European Economic Area (EEA).<\/div>\n<div><a href=\"https:\/\/kimsora.com.vn\/?attachment_id=5283#main\" rel=\"attachment wp-att-5283\"><img decoding=\"async\" loading=\"lazy\" class=\"wp-image-5283 alignnone lazy-load-active\" src=\"https:\/\/kimsora.com.vn\/wp-content\/uploads\/2023\/08\/Phieu-tiep-nhan_HOSO-3-297x400.png\" sizes=\"(max-width: 241px) 100vw, 241px\" srcset=\"https:\/\/kimsora.com.vn\/wp-content\/uploads\/2023\/08\/Phieu-tiep-nhan_HOSO-3-297x400.png 297w, https:\/\/kimsora.com.vn\/wp-content\/uploads\/2023\/08\/Phieu-tiep-nhan_HOSO-3-594x800.png 594w, https:\/\/kimsora.com.vn\/wp-content\/uploads\/2023\/08\/Phieu-tiep-nhan_HOSO-3-768x1035.png 768w, https:\/\/kimsora.com.vn\/wp-content\/uploads\/2023\/08\/Phieu-tiep-nhan_HOSO-3-1140x1536.png 1140w, https:\/\/kimsora.com.vn\/wp-content\/uploads\/2023\/08\/Phieu-tiep-nhan_HOSO-3-1519x2048.png 1519w, https:\/\/kimsora.com.vn\/wp-content\/uploads\/2023\/08\/Phieu-tiep-nhan_HOSO-3-510x687.png 510w\" alt=\"\" width=\"241\" height=\"325\" data-src=\"https:\/\/kimsora.com.vn\/wp-content\/uploads\/2023\/08\/Phieu-tiep-nhan_HOSO-3-297x400.png\" data-srcset=\"https:\/\/kimsora.com.vn\/wp-content\/uploads\/2023\/08\/Phieu-tiep-nhan_HOSO-3-297x400.png 297w, https:\/\/kimsora.com.vn\/wp-content\/uploads\/2023\/08\/Phieu-tiep-nhan_HOSO-3-594x800.png 594w, https:\/\/kimsora.com.vn\/wp-content\/uploads\/2023\/08\/Phieu-tiep-nhan_HOSO-3-768x1035.png 768w, https:\/\/kimsora.com.vn\/wp-content\/uploads\/2023\/08\/Phieu-tiep-nhan_HOSO-3-1140x1536.png 1140w, https:\/\/kimsora.com.vn\/wp-content\/uploads\/2023\/08\/Phieu-tiep-nhan_HOSO-3-1519x2048.png 1519w, https:\/\/kimsora.com.vn\/wp-content\/uploads\/2023\/08\/Phieu-tiep-nhan_HOSO-3-510x687.png 510w\" \/><\/a><a href=\"https:\/\/kimsora.com.vn\/?attachment_id=5284#main\" rel=\"attachment wp-att-5284\"><img decoding=\"async\" loading=\"lazy\" class=\"wp-image-5284 alignnone lazy-load-active\" src=\"https:\/\/kimsora.com.vn\/wp-content\/uploads\/2023\/08\/Phieu-tiep-nhan_HOSO-2-297x400.png\" sizes=\"(max-width: 220px) 100vw, 220px\" srcset=\"https:\/\/kimsora.com.vn\/wp-content\/uploads\/2023\/08\/Phieu-tiep-nhan_HOSO-2-297x400.png 297w, https:\/\/kimsora.com.vn\/wp-content\/uploads\/2023\/08\/Phieu-tiep-nhan_HOSO-2-594x800.png 594w, https:\/\/kimsora.com.vn\/wp-content\/uploads\/2023\/08\/Phieu-tiep-nhan_HOSO-2-768x1035.png 768w, https:\/\/kimsora.com.vn\/wp-content\/uploads\/2023\/08\/Phieu-tiep-nhan_HOSO-2-1140x1536.png 1140w, https:\/\/kimsora.com.vn\/wp-content\/uploads\/2023\/08\/Phieu-tiep-nhan_HOSO-2-1519x2048.png 1519w, https:\/\/kimsora.com.vn\/wp-content\/uploads\/2023\/08\/Phieu-tiep-nhan_HOSO-2-510x687.png 510w\" alt=\"\" width=\"220\" height=\"296\" data-src=\"https:\/\/kimsora.com.vn\/wp-content\/uploads\/2023\/08\/Phieu-tiep-nhan_HOSO-2-297x400.png\" data-srcset=\"https:\/\/kimsora.com.vn\/wp-content\/uploads\/2023\/08\/Phieu-tiep-nhan_HOSO-2-297x400.png 297w, https:\/\/kimsora.com.vn\/wp-content\/uploads\/2023\/08\/Phieu-tiep-nhan_HOSO-2-594x800.png 594w, https:\/\/kimsora.com.vn\/wp-content\/uploads\/2023\/08\/Phieu-tiep-nhan_HOSO-2-768x1035.png 768w, https:\/\/kimsora.com.vn\/wp-content\/uploads\/2023\/08\/Phieu-tiep-nhan_HOSO-2-1140x1536.png 1140w, https:\/\/kimsora.com.vn\/wp-content\/uploads\/2023\/08\/Phieu-tiep-nhan_HOSO-2-1519x2048.png 1519w, https:\/\/kimsora.com.vn\/wp-content\/uploads\/2023\/08\/Phieu-tiep-nhan_HOSO-2-510x687.png 510w\" \/><\/a><a href=\"https:\/\/kimsora.com.vn\/?attachment_id=5283#main\" rel=\"attachment wp-att-5283\"><img decoding=\"async\" loading=\"lazy\" class=\"alignnone wp-image-5283 size-medium lazy-load-active\" src=\"https:\/\/kimsora.com.vn\/wp-content\/uploads\/2023\/08\/Phieu-tiep-nhan_HOSO-3-297x400.png\" sizes=\"(max-width: 297px) 100vw, 297px\" srcset=\"https:\/\/kimsora.com.vn\/wp-content\/uploads\/2023\/08\/Phieu-tiep-nhan_HOSO-3-297x400.png 297w, https:\/\/kimsora.com.vn\/wp-content\/uploads\/2023\/08\/Phieu-tiep-nhan_HOSO-3-594x800.png 594w, https:\/\/kimsora.com.vn\/wp-content\/uploads\/2023\/08\/Phieu-tiep-nhan_HOSO-3-768x1035.png 768w, https:\/\/kimsora.com.vn\/wp-content\/uploads\/2023\/08\/Phieu-tiep-nhan_HOSO-3-1140x1536.png 1140w, https:\/\/kimsora.com.vn\/wp-content\/uploads\/2023\/08\/Phieu-tiep-nhan_HOSO-3-1519x2048.png 1519w, https:\/\/kimsora.com.vn\/wp-content\/uploads\/2023\/08\/Phieu-tiep-nhan_HOSO-3-510x687.png 510w\" alt=\"\" width=\"297\" height=\"400\" data-src=\"https:\/\/kimsora.com.vn\/wp-content\/uploads\/2023\/08\/Phieu-tiep-nhan_HOSO-3-297x400.png\" data-srcset=\"https:\/\/kimsora.com.vn\/wp-content\/uploads\/2023\/08\/Phieu-tiep-nhan_HOSO-3-297x400.png 297w, https:\/\/kimsora.com.vn\/wp-content\/uploads\/2023\/08\/Phieu-tiep-nhan_HOSO-3-594x800.png 594w, https:\/\/kimsora.com.vn\/wp-content\/uploads\/2023\/08\/Phieu-tiep-nhan_HOSO-3-768x1035.png 768w, https:\/\/kimsora.com.vn\/wp-content\/uploads\/2023\/08\/Phieu-tiep-nhan_HOSO-3-1140x1536.png 1140w, https:\/\/kimsora.com.vn\/wp-content\/uploads\/2023\/08\/Phieu-tiep-nhan_HOSO-3-1519x2048.png 1519w, https:\/\/kimsora.com.vn\/wp-content\/uploads\/2023\/08\/Phieu-tiep-nhan_HOSO-3-510x687.png 510w\" \/><\/a><a href=\"https:\/\/kimsora.com.vn\/?attachment_id=5286#main\" rel=\"attachment wp-att-5286\"><img decoding=\"async\" loading=\"lazy\" class=\"alignnone wp-image-5286 size-medium lazy-load-active\" src=\"https:\/\/kimsora.com.vn\/wp-content\/uploads\/2023\/08\/COF-297x400.png\" sizes=\"(max-width: 297px) 100vw, 297px\" srcset=\"https:\/\/kimsora.com.vn\/wp-content\/uploads\/2023\/08\/COF-297x400.png 297w, https:\/\/kimsora.com.vn\/wp-content\/uploads\/2023\/08\/COF-594x800.png 594w, https:\/\/kimsora.com.vn\/wp-content\/uploads\/2023\/08\/COF-768x1035.png 768w, https:\/\/kimsora.com.vn\/wp-content\/uploads\/2023\/08\/COF-1140x1536.png 1140w, https:\/\/kimsora.com.vn\/wp-content\/uploads\/2023\/08\/COF-1519x2048.png 1519w, https:\/\/kimsora.com.vn\/wp-content\/uploads\/2023\/08\/COF-510x687.png 510w\" alt=\"\" width=\"297\" height=\"400\" data-src=\"https:\/\/kimsora.com.vn\/wp-content\/uploads\/2023\/08\/COF-297x400.png\" data-srcset=\"https:\/\/kimsora.com.vn\/wp-content\/uploads\/2023\/08\/COF-297x400.png 297w, https:\/\/kimsora.com.vn\/wp-content\/uploads\/2023\/08\/COF-594x800.png 594w, https:\/\/kimsora.com.vn\/wp-content\/uploads\/2023\/08\/COF-768x1035.png 768w, https:\/\/kimsora.com.vn\/wp-content\/uploads\/2023\/08\/COF-1140x1536.png 1140w, https:\/\/kimsora.com.vn\/wp-content\/uploads\/2023\/08\/COF-1519x2048.png 1519w, https:\/\/kimsora.com.vn\/wp-content\/uploads\/2023\/08\/COF-510x687.png 510w\" \/><\/a><a href=\"https:\/\/kimsora.com.vn\/?attachment_id=5287#main\" rel=\"attachment wp-att-5287\"><img decoding=\"async\" loading=\"lazy\" class=\"alignnone wp-image-5287 size-medium lazy-load-active\" src=\"https:\/\/kimsora.com.vn\/wp-content\/uploads\/2023\/08\/COR2022-297x400.png\" sizes=\"(max-width: 297px) 100vw, 297px\" srcset=\"https:\/\/kimsora.com.vn\/wp-content\/uploads\/2023\/08\/COR2022-297x400.png 297w, https:\/\/kimsora.com.vn\/wp-content\/uploads\/2023\/08\/COR2022-594x800.png 594w, https:\/\/kimsora.com.vn\/wp-content\/uploads\/2023\/08\/COR2022-768x1035.png 768w, https:\/\/kimsora.com.vn\/wp-content\/uploads\/2023\/08\/COR2022-1140x1536.png 1140w, https:\/\/kimsora.com.vn\/wp-content\/uploads\/2023\/08\/COR2022-1519x2048.png 1519w, https:\/\/kimsora.com.vn\/wp-content\/uploads\/2023\/08\/COR2022-510x687.png 510w\" alt=\"\" width=\"297\" height=\"400\" data-src=\"https:\/\/kimsora.com.vn\/wp-content\/uploads\/2023\/08\/COR2022-297x400.png\" data-srcset=\"https:\/\/kimsora.com.vn\/wp-content\/uploads\/2023\/08\/COR2022-297x400.png 297w, https:\/\/kimsora.com.vn\/wp-content\/uploads\/2023\/08\/COR2022-594x800.png 594w, https:\/\/kimsora.com.vn\/wp-content\/uploads\/2023\/08\/COR2022-768x1035.png 768w, https:\/\/kimsora.com.vn\/wp-content\/uploads\/2023\/08\/COR2022-1140x1536.png 1140w, https:\/\/kimsora.com.vn\/wp-content\/uploads\/2023\/08\/COR2022-1519x2048.png 1519w, https:\/\/kimsora.com.vn\/wp-content\/uploads\/2023\/08\/COR2022-510x687.png 510w\" \/><\/a><a href=\"https:\/\/kimsora.com.vn\/?attachment_id=5288#main\" rel=\"attachment wp-att-5288\"><img decoding=\"async\" loading=\"lazy\" class=\"alignnone wp-image-5288 size-medium lazy-load-active\" src=\"https:\/\/kimsora.com.vn\/wp-content\/uploads\/2023\/08\/CE-297x400.png\" sizes=\"(max-width: 297px) 100vw, 297px\" srcset=\"https:\/\/kimsora.com.vn\/wp-content\/uploads\/2023\/08\/CE-297x400.png 297w, https:\/\/kimsora.com.vn\/wp-content\/uploads\/2023\/08\/CE-594x800.png 594w, https:\/\/kimsora.com.vn\/wp-content\/uploads\/2023\/08\/CE-768x1035.png 768w, https:\/\/kimsora.com.vn\/wp-content\/uploads\/2023\/08\/CE-1140x1536.png 1140w, https:\/\/kimsora.com.vn\/wp-content\/uploads\/2023\/08\/CE-1519x2048.png 1519w, https:\/\/kimsora.com.vn\/wp-content\/uploads\/2023\/08\/CE-510x687.png 510w\" alt=\"\" width=\"297\" height=\"400\" data-src=\"https:\/\/kimsora.com.vn\/wp-content\/uploads\/2023\/08\/CE-297x400.png\" data-srcset=\"https:\/\/kimsora.com.vn\/wp-content\/uploads\/2023\/08\/CE-297x400.png 297w, https:\/\/kimsora.com.vn\/wp-content\/uploads\/2023\/08\/CE-594x800.png 594w, https:\/\/kimsora.com.vn\/wp-content\/uploads\/2023\/08\/CE-768x1035.png 768w, https:\/\/kimsora.com.vn\/wp-content\/uploads\/2023\/08\/CE-1140x1536.png 1140w, https:\/\/kimsora.com.vn\/wp-content\/uploads\/2023\/08\/CE-1519x2048.png 1519w, https:\/\/kimsora.com.vn\/wp-content\/uploads\/2023\/08\/CE-510x687.png 510w\" \/><\/a><a href=\"https:\/\/kimsora.com.vn\/?attachment_id=5289#main\" rel=\"attachment wp-att-5289\"><img decoding=\"async\" loading=\"lazy\" class=\"alignnone wp-image-5289 size-medium lazy-load-active\" src=\"https:\/\/kimsora.com.vn\/wp-content\/uploads\/2023\/08\/TQC-297x400.png\" sizes=\"(max-width: 297px) 100vw, 297px\" srcset=\"https:\/\/kimsora.com.vn\/wp-content\/uploads\/2023\/08\/TQC-297x400.png 297w, https:\/\/kimsora.com.vn\/wp-content\/uploads\/2023\/08\/TQC-594x800.png 594w, https:\/\/kimsora.com.vn\/wp-content\/uploads\/2023\/08\/TQC-768x1035.png 768w, https:\/\/kimsora.com.vn\/wp-content\/uploads\/2023\/08\/TQC-1140x1536.png 1140w, https:\/\/kimsora.com.vn\/wp-content\/uploads\/2023\/08\/TQC-1519x2048.png 1519w, https:\/\/kimsora.com.vn\/wp-content\/uploads\/2023\/08\/TQC-510x687.png 510w\" alt=\"\" width=\"297\" height=\"400\" data-src=\"https:\/\/kimsora.com.vn\/wp-content\/uploads\/2023\/08\/TQC-297x400.png\" data-srcset=\"https:\/\/kimsora.com.vn\/wp-content\/uploads\/2023\/08\/TQC-297x400.png 297w, https:\/\/kimsora.com.vn\/wp-content\/uploads\/2023\/08\/TQC-594x800.png 594w, https:\/\/kimsora.com.vn\/wp-content\/uploads\/2023\/08\/TQC-768x1035.png 768w, https:\/\/kimsora.com.vn\/wp-content\/uploads\/2023\/08\/TQC-1140x1536.png 1140w, https:\/\/kimsora.com.vn\/wp-content\/uploads\/2023\/08\/TQC-1519x2048.png 1519w, https:\/\/kimsora.com.vn\/wp-content\/uploads\/2023\/08\/TQC-510x687.png 510w\" \/><\/a><\/div>\n<div><\/div>\n<div>Kim Sora mask products are proud to be a reputable brand; quality and health safety for consumers. Products for domestic consumption or export; We all test according to criteria certified by international organizations. To ensure and certify that; Please review the following criteria tests:<\/div>\n<div><\/div>\n<h1><strong>FILTER 3 CRITERIA<\/strong>:<\/h1>\n<div><\/div>\n<div>BFE &gt;99<\/div>\n<div>PFE &gt;99<\/div>\n<div>VFE &gt;99<\/div>\n<div><\/div>\n<h1><strong>Using:<\/strong><\/h1>\n<div>Store under normal conditions.<\/div>\n<div>Replace after each use to ensure the best protection for the respiratory system.<\/div>","protected":false},"excerpt":{"rendered":"<p>* C\u1ea5u t\u1ea1o kh\u1ea9u trang 3D Sora Fit Mask<\/p>\n<p>Tr\u1eafng Ch\u1ea5t li\u1ec7u c\u1ea5u t\u1ea1o g\u1ed3m: L\u1edbp v\u1ea3i kh\u00f4ng d\u1ec7t m\u1ec1m m\u1ea1i<\/p>\n<p>Thun m\u1ec1m b\u1ea3n to kh\u00f4ng g\u00e2y \u0111au tai<\/p>\n<p>Thi\u1ebft k\u1ebf \u0111a chi\u1ec1u, m\u1edf r\u1ed9ng kh\u00f4ng gian th\u00f4ng tho\u00e1ng, tho\u1ea3i m\u00e1t<\/p>\n<p>S\u1ed1 l\u01b0\u1ee3ng: 20 C\u00e1i\/T\u00fai K\u00edch th\u01b0\u1edbc: 81 x 205 (mm)<\/p>\n","protected":false},"featured_media":5767,"comment_status":"open","ping_status":"closed","template":"","meta":[],"product_cat":[33,118],"product_tag":[170],"yst_prominent_words":[],"_links":{"self":[{"href":"https:\/\/kimsora.com.vn\/en\/wp-json\/wp\/v2\/product\/5769"}],"collection":[{"href":"https:\/\/kimsora.com.vn\/en\/wp-json\/wp\/v2\/product"}],"about":[{"href":"https:\/\/kimsora.com.vn\/en\/wp-json\/wp\/v2\/types\/product"}],"replies":[{"embeddable":true,"href":"https:\/\/kimsora.com.vn\/en\/wp-json\/wp\/v2\/comments?post=5769"}],"wp:featuredmedia":[{"embeddable":true,"href":"https:\/\/kimsora.com.vn\/en\/wp-json\/wp\/v2\/media\/5767"}],"wp:attachment":[{"href":"https:\/\/kimsora.com.vn\/en\/wp-json\/wp\/v2\/media?parent=5769"}],"wp:term":[{"taxonomy":"product_cat","embeddable":true,"href":"https:\/\/kimsora.com.vn\/en\/wp-json\/wp\/v2\/product_cat?post=5769"},{"taxonomy":"product_tag","embeddable":true,"href":"https:\/\/kimsora.com.vn\/en\/wp-json\/wp\/v2\/product_tag?post=5769"},{"taxonomy":"yst_prominent_words","embeddable":true,"href":"https:\/\/kimsora.com.vn\/en\/wp-json\/wp\/v2\/yst_prominent_words?post=5769"}],"curies":[{"name":"wp","href":"https:\/\/api.w.org\/{rel}","templated":true}]}}